{"id":14917,"date":"2020-04-09T16:37:29","date_gmt":"2020-04-09T16:37:29","guid":{"rendered":"https:\/\/doctorojo.net\/asesoria-online\/?page_id=14917"},"modified":"2020-04-15T01:32:53","modified_gmt":"2020-04-15T01:32:53","slug":"mi-cuenta","status":"publish","type":"page","link":"https:\/\/doctorojo.net\/asesoria-online\/mi-cuenta\/","title":{"rendered":"Mi cuenta"},"content":{"rendered":"<p>[vc_row][vc_column]<div class=\"kswr-heading-container kswr-theelement\" style=\"text-align:center;\">\n\t\t\t\t<div class=\"kswr-heading-title kswr-shortcode-element  \" data-fontsettings=\"font-size:35px;\" style=\"font-size:35px;  margin-top:0px;margin-bottom:0px;color:#bb2200;background-clip: inherit;background-color: inherit; -webkit-text-fill-color:#bb2200;\">TU CUENTA<\/div>\n\t\t\t\t<div class=\"kswr-heading-content kswr-shortcode-element  \" data-fontsettings=\"font-size:14px;\" style=\"font-size:14px;  margin-top:0px;margin-bottom:0px;color:#333333;\"><\/p>\n<p style=\"text-align: center;\">Te encuentras en el \u00e1rea de Clientes, desde este espacio podr\u00e1s tener acceso a tu historia de citas, enviar documento, contarnos un poco m\u00e1s de ti.<\/p>\n<p><\/div>\n\t\t\t<\/div>[vc_empty_space]<div class=\"woocommerce\"><\/div>[vc_empty_space][\/vc_column][\/vc_row]<\/p>\n","protected":false},"excerpt":{"rendered":"<p>[vc_row][vc_column][vc_empty_space][vc_empty_space][\/vc_column][\/vc_row]<\/p>\n","protected":false},"author":1,"featured_media":0,"parent":0,"menu_order":0,"comment_status":"closed","ping_status":"closed","template":"","meta":{"footnotes":""},"_links":{"self":[{"href":"https:\/\/doctorojo.net\/asesoria-online\/wp-json\/wp\/v2\/pages\/14917"}],"collection":[{"href":"https:\/\/doctorojo.net\/asesoria-online\/wp-json\/wp\/v2\/pages"}],"about":[{"href":"https:\/\/doctorojo.net\/asesoria-online\/wp-json\/wp\/v2\/types\/page"}],"author":[{"embeddable":true,"href":"https:\/\/doctorojo.net\/asesoria-online\/wp-json\/wp\/v2\/users\/1"}],"replies":[{"embeddable":true,"href":"https:\/\/doctorojo.net\/asesoria-online\/wp-json\/wp\/v2\/comments?post=14917"}],"version-history":[{"count":0,"href":"https:\/\/doctorojo.net\/asesoria-online\/wp-json\/wp\/v2\/pages\/14917\/revisions"}],"wp:attachment":[{"href":"https:\/\/doctorojo.net\/asesoria-online\/wp-json\/wp\/v2\/media?parent=14917"}],"curies":[{"name":"wp","href":"https:\/\/api.w.org\/{rel}","templated":true}]}}